{"id":51763,"date":"2024-03-11T13:17:55","date_gmt":"2024-03-11T12:17:55","guid":{"rendered":"https:\/\/lesjardinsdevoltaire.fr\/?page_id=51763"},"modified":"2025-11-07T05:44:24","modified_gmt":"2025-11-07T04:44:24","slug":"activites-insertion","status":"publish","type":"page","link":"https:\/\/lesjardinsdevoltaire.fr\/index.php\/activites-insertion\/","title":{"rendered":"Activit\u00e9s Adultes"},"content":{"rendered":"<style>.kb-row-layout-wrap.wp-block-kadence-rowlayout.kb-row-layout-id51763_ee9d16-02{margin-top:var(--global-kb-spacing-sm, 1.5rem);margin-bottom:var(--global-kb-spacing-lg, 3rem);}.kb-row-layout-id51763_ee9d16-02 > .kt-row-column-wrap{align-content:start;}:where(.kb-row-layout-id51763_ee9d16-02 > .kt-row-column-wrap) > .wp-block-kadence-column{justify-content:start;}.kb-row-layout-id51763_ee9d16-02 > .kt-row-column-wrap{column-gap:var(--global-kb-gap-md, 2rem);row-gap:var(--global-kb-gap-md, 2rem);max-width:var( --global-content-width, 1149px );padding-left:var(--global-content-edge-padding);padding-right:var(--global-content-edge-padding);padding-top:var(--global-kb-spacing-xl, 4rem);padding-bottom:var(--global-kb-spacing-xs, 1rem);grid-template-columns:minmax(0, 1fr);}.kb-row-layout-id51763_ee9d16-02 > .kt-row-layout-overlay{opacity:0.30;}@media all and (max-width: 1024px){.kb-row-layout-id51763_ee9d16-02 > .kt-row-column-wrap{grid-template-columns:minmax(0, 1fr);}}@media all and (max-width: 767px){.kb-row-layout-id51763_ee9d16-02 > .kt-row-column-wrap{grid-template-columns:minmax(0, 1fr);}}<\/style><div class=\"kb-row-layout-wrap kb-row-layout-id51763_ee9d16-02 alignnone has-theme-palette9-background-color kt-row-has-bg wp-block-kadence-rowlayout\"><div class=\"kt-row-column-wrap kt-has-1-columns kt-row-layout-equal kt-tab-layout-inherit kt-mobile-layout-row kt-row-valign-top kb-theme-content-width\">\n<style>.kadence-column51763_c1bd66-65 > .kt-inside-inner-col,.kadence-column51763_c1bd66-65 > .kt-inside-inner-col:before{border-top-left-radius:0px;border-top-right-radius:0px;border-bottom-right-radius:0px;border-bottom-left-radius:0px;}.kadence-column51763_c1bd66-65 > .kt-inside-inner-col{column-gap:var(--global-kb-gap-sm, 1rem);}.kadence-column51763_c1bd66-65 > .kt-inside-inner-col{flex-direction:column;}.kadence-column51763_c1bd66-65 > .kt-inside-inner-col > .aligncenter{width:100%;}.kadence-column51763_c1bd66-65 > .kt-inside-inner-col:before{opacity:0.3;}.kadence-column51763_c1bd66-65{position:relative;}@media all and (max-width: 1024px){.kadence-column51763_c1bd66-65 > .kt-inside-inner-col{flex-direction:column;justify-content:center;}}@media all and (max-width: 767px){.kadence-column51763_c1bd66-65 > .kt-inside-inner-col{flex-direction:column;justify-content:center;}}<\/style>\n<div class=\"wp-block-kadence-column kadence-column51763_c1bd66-65\"><div class=\"kt-inside-inner-col\">\n<p class=\"has-text-align-center has-theme-palette-8-color has-text-color has-large-font-size\">Le jardin-potager est cultiv\u00e9 par les b\u00e9n\u00e9voles et adh\u00e9rents de l\u2019association<\/p>\n<\/div><\/div>\n\n<\/div><\/div>\n\n\n<p class=\"has-text-align-center has-theme-palette-8-color has-text-color\" style=\"font-size:23px\">Nous mettons en commun nos efforts et nos r\u00e9coltes,<\/p>\n\n\n\n<p class=\"has-text-align-center has-theme-palette-8-color has-text-color\" style=\"font-size:23px\"> dans un esprit de partage, de solidarit\u00e9 et de convivialit\u00e9 !<\/p>\n\n\n<style>.kb-row-layout-wrap.wp-block-kadence-rowlayout.kb-row-layout-id51763_dee685-f0{margin-bottom:0px;}.kb-row-layout-id51763_dee685-f0 > .kt-row-column-wrap{align-content:start;}:where(.kb-row-layout-id51763_dee685-f0 > .kt-row-column-wrap) > .wp-block-kadence-column{justify-content:start;}.kb-row-layout-id51763_dee685-f0 > .kt-row-column-wrap{column-gap:var(--global-kb-gap-md, 2rem);row-gap:var(--global-kb-gap-md, 2rem);padding-top:var(--global-kb-spacing-sm, 1.5rem);padding-bottom:0px;grid-template-columns:minmax(0, 1fr);}.kb-row-layout-id51763_dee685-f0 > .kt-row-layout-overlay{opacity:0.30;}@media all and (max-width: 1024px){.kb-row-layout-id51763_dee685-f0 > .kt-row-column-wrap{grid-template-columns:minmax(0, 1fr);}}@media all and (max-width: 767px){.kb-row-layout-id51763_dee685-f0 > .kt-row-column-wrap{grid-template-columns:minmax(0, 1fr);}}<\/style><div class=\"kb-row-layout-wrap kb-row-layout-id51763_dee685-f0 alignnone wp-block-kadence-rowlayout\"><div class=\"kt-row-column-wrap kt-has-2-columns kt-row-layout-row kt-tab-layout-inherit kt-mobile-layout-row kt-row-valign-top\">\n<style>.kadence-column51763_0e3266-2c > .kt-inside-inner-col,.kadence-column51763_0e3266-2c > .kt-inside-inner-col:before{border-top-left-radius:0px;border-top-right-radius:0px;border-bottom-right-radius:0px;border-bottom-left-radius:0px;}.kadence-column51763_0e3266-2c > .kt-inside-inner-col{column-gap:var(--global-kb-gap-sm, 1rem);}.kadence-column51763_0e3266-2c > .kt-inside-inner-col{flex-direction:column;}.kadence-column51763_0e3266-2c > .kt-inside-inner-col > .aligncenter{width:100%;}.kadence-column51763_0e3266-2c > .kt-inside-inner-col:before{opacity:0.3;}.kadence-column51763_0e3266-2c{position:relative;}@media all and (max-width: 1024px){.kadence-column51763_0e3266-2c > .kt-inside-inner-col{flex-direction:column;justify-content:center;}}@media all and (max-width: 767px){.kadence-column51763_0e3266-2c > .kt-inside-inner-col{flex-direction:column;justify-content:center;}}<\/style>\n<div class=\"wp-block-kadence-column kadence-column51763_0e3266-2c\"><div class=\"kt-inside-inner-col\">\n<p class=\"has-text-align-center has-theme-palette-8-color has-theme-palette-7-background-color has-text-color has-background\" style=\"font-size:23px\">Nous nous r\u00e9unissons lors d&rsquo;ateliers, propos\u00e9s par notre animateur en permaculture, les <strong>samedis<\/strong> ou <strong>dimanches<\/strong> apr\u00e8s midis pour cultiver ensemble des l\u00e9gumes entre f\u00e9vrier et novembre. (Voir dates dans la rebrique \u00e9v\u00e9nements, activit\u00e9s gratuites pour les adh\u00e9rents)<\/p>\n<\/div><\/div>\n\n\n<style>.kadence-column51763_939f1a-70 > .kt-inside-inner-col,.kadence-column51763_939f1a-70 > .kt-inside-inner-col:before{border-top-left-radius:0px;border-top-right-radius:0px;border-bottom-right-radius:0px;border-bottom-left-radius:0px;}.kadence-column51763_939f1a-70 > .kt-inside-inner-col{column-gap:var(--global-kb-gap-sm, 1rem);}.kadence-column51763_939f1a-70 > .kt-inside-inner-col{flex-direction:column;}.kadence-column51763_939f1a-70 > .kt-inside-inner-col > .aligncenter{width:100%;}.kadence-column51763_939f1a-70 > .kt-inside-inner-col:before{opacity:0.3;}.kadence-column51763_939f1a-70{position:relative;}@media all and (max-width: 1024px){.kadence-column51763_939f1a-70 > .kt-inside-inner-col{flex-direction:column;justify-content:center;}}@media all and (max-width: 767px){.kadence-column51763_939f1a-70 > .kt-inside-inner-col{flex-direction:column;justify-content:center;}}<\/style>\n<div class=\"wp-block-kadence-column kadence-column51763_939f1a-70\"><div class=\"kt-inside-inner-col\"><style>.wp-block-kadence-advancedbtn.kt-btns51763_b2c02d-6f, .site .entry-content .wp-block-kadence-advancedbtn.kt-btns51763_b2c02d-6f, .wp-block-kadence-advancedbtn.kb-btns51763_b2c02d-6f, .site .entry-content .wp-block-kadence-advancedbtn.kb-btns51763_b2c02d-6f{margin-bottom:0px;}.wp-block-kadence-advancedbtn.kb-btns51763_b2c02d-6f{padding-bottom:0px;gap:var(--global-kb-gap-xs, 0.5rem );justify-content:center;align-items:center;}.kt-btns51763_b2c02d-6f .kt-button{font-weight:normal;font-style:normal;}.kt-btns51763_b2c02d-6f .kt-btn-wrap-0{margin-right:5px;}.wp-block-kadence-advancedbtn.kt-btns51763_b2c02d-6f .kt-btn-wrap-0 .kt-button{color:#555555;border-color:#555555;}.wp-block-kadence-advancedbtn.kt-btns51763_b2c02d-6f .kt-btn-wrap-0 .kt-button:hover, .wp-block-kadence-advancedbtn.kt-btns51763_b2c02d-6f .kt-btn-wrap-0 .kt-button:focus{color:#ffffff;border-color:#444444;}.wp-block-kadence-advancedbtn.kt-btns51763_b2c02d-6f .kt-btn-wrap-0 .kt-button::before{display:none;}.wp-block-kadence-advancedbtn.kt-btns51763_b2c02d-6f .kt-btn-wrap-0 .kt-button:hover, .wp-block-kadence-advancedbtn.kt-btns51763_b2c02d-6f .kt-btn-wrap-0 .kt-button:focus{background:#444444;}<\/style>\n<div class=\"wp-block-kadence-advancedbtn kb-buttons-wrap kb-btns51763_b2c02d-6f\"><style>ul.menu .wp-block-kadence-advancedbtn .kb-btn51763_7dd475-bc.kb-button{width:initial;}.wp-block-kadence-advancedbtn .kb-btn51763_7dd475-bc.kb-button{color:var(--global-palette9, #ffffff);background:var(--global-palette8, #F7FAFC);border-top-left-radius:15px;border-top-right-radius:15px;border-bottom-right-radius:15px;border-bottom-left-radius:15px;border-top-color:var(--global-palette7, #EDF2F7);border-top-style:solid;border-right-color:var(--global-palette7, #EDF2F7);border-right-style:solid;border-bottom-color:var(--global-palette7, #EDF2F7);border-bottom-style:solid;border-left-color:var(--global-palette7, #EDF2F7);border-left-style:solid;padding-top:var(--global-kb-spacing-xxs, 0.5rem);padding-bottom:var(--global-kb-spacing-xxs, 0.5rem);margin-top:var(--global-kb-spacing-xs, 1rem);margin-bottom:var(--global-kb-spacing-lg, 3rem);}.wp-block-kadence-advancedbtn .kb-btn51763_7dd475-bc.kb-button:hover, .wp-block-kadence-advancedbtn .kb-btn51763_7dd475-bc.kb-button:focus{color:var(--global-palette9, #ffffff);background:var(--global-palette7, #EDF2F7);}@media all and (max-width: 1024px){.wp-block-kadence-advancedbtn .kb-btn51763_7dd475-bc.kb-button{border-top-color:var(--global-palette7, #EDF2F7);border-top-style:solid;border-right-color:var(--global-palette7, #EDF2F7);border-right-style:solid;border-bottom-color:var(--global-palette7, #EDF2F7);border-bottom-style:solid;border-left-color:var(--global-palette7, #EDF2F7);border-left-style:solid;}}@media all and (max-width: 767px){.wp-block-kadence-advancedbtn .kb-btn51763_7dd475-bc.kb-button{border-top-color:var(--global-palette7, #EDF2F7);border-top-style:solid;border-right-color:var(--global-palette7, #EDF2F7);border-right-style:solid;border-bottom-color:var(--global-palette7, #EDF2F7);border-bottom-style:solid;border-left-color:var(--global-palette7, #EDF2F7);border-left-style:solid;}}<\/style><a class=\"kb-button kt-button button kb-btn51763_7dd475-bc kt-btn-size-standard kt-btn-width-type-auto kb-btn-global-fill  kt-btn-has-text-true kt-btn-has-svg-false  wp-block-kadence-singlebtn\" href=\"https:\/\/www.helloasso.com\/associations\/les-jardins-de-voltaire\/adhesions\/adhesion-2025\"><span class=\"kt-btn-inner-text\">Devenir b\u00e9n\u00e9vole<\/span><\/a><\/div>\n<\/div><\/div>\n\n<\/div><\/div>\n\n<style>.kb-row-layout-id51763_79ef74-37 > .kt-row-column-wrap{align-content:start;}:where(.kb-row-layout-id51763_79ef74-37 > .kt-row-column-wrap) > .wp-block-kadence-column{justify-content:start;}.kb-row-layout-id51763_79ef74-37 > .kt-row-column-wrap{column-gap:var(--global-kb-gap-md, 2rem);row-gap:var(--global-kb-gap-md, 2rem);max-width:var( --global-content-width, 1149px );padding-left:var(--global-content-edge-padding);padding-right:var(--global-content-edge-padding);padding-top:var(--global-kb-spacing-sm, 1.5rem);padding-bottom:var(--global-kb-spacing-sm, 1.5rem);grid-template-columns:minmax(0, 1fr);}.kb-row-layout-id51763_79ef74-37 > .kt-row-layout-overlay{opacity:0.30;}@media all and (max-width: 1024px){.kb-row-layout-id51763_79ef74-37 > .kt-row-column-wrap{grid-template-columns:minmax(0, 1fr);}}@media all and (max-width: 767px){.kb-row-layout-id51763_79ef74-37 > .kt-row-column-wrap{grid-template-columns:minmax(0, 1fr);}}<\/style><div class=\"kb-row-layout-wrap kb-row-layout-id51763_79ef74-37 alignnone wp-block-kadence-rowlayout\"><div class=\"kt-row-column-wrap kt-has-1-columns kt-row-layout-equal kt-tab-layout-inherit kt-mobile-layout-row kt-row-valign-top kb-theme-content-width\">\n<style>.kadence-column51763_eea902-d8 > .kt-inside-inner-col,.kadence-column51763_eea902-d8 > .kt-inside-inner-col:before{border-top-left-radius:0px;border-top-right-radius:0px;border-bottom-right-radius:0px;border-bottom-left-radius:0px;}.kadence-column51763_eea902-d8 > .kt-inside-inner-col{column-gap:var(--global-kb-gap-sm, 1rem);}.kadence-column51763_eea902-d8 > .kt-inside-inner-col{flex-direction:column;}.kadence-column51763_eea902-d8 > .kt-inside-inner-col > .aligncenter{width:100%;}.kadence-column51763_eea902-d8 > .kt-inside-inner-col:before{opacity:0.3;}.kadence-column51763_eea902-d8{position:relative;}.kadence-column51763_eea902-d8, .kt-inside-inner-col > .kadence-column51763_eea902-d8:not(.specificity){margin-top:var(--global-kb-spacing-lg, 3rem);}@media all and (max-width: 1024px){.kadence-column51763_eea902-d8 > .kt-inside-inner-col{flex-direction:column;justify-content:center;}}@media all and (max-width: 767px){.kadence-column51763_eea902-d8 > .kt-inside-inner-col{flex-direction:column;justify-content:center;}}<\/style>\n<div class=\"wp-block-kadence-column kadence-column51763_eea902-d8\"><div class=\"kt-inside-inner-col\">\n<div class=\"wp-block-cover is-light\"><img loading=\"lazy\" decoding=\"async\" width=\"1920\" height=\"2560\" class=\"wp-block-cover__image-background wp-image-51985\" alt=\"\" src=\"http:\/\/lesjardinsdevoltaire.fr\/wp-content\/uploads\/2024\/03\/20230531_101922-scaled.jpg\" style=\"object-position:46% 61%\" data-object-fit=\"cover\" data-object-position=\"46% 61%\" srcset=\"https:\/\/lesjardinsdevoltaire.fr\/wp-content\/uploads\/2024\/03\/20230531_101922-scaled.jpg 1920w, https:\/\/lesjardinsdevoltaire.fr\/wp-content\/uploads\/2024\/03\/20230531_101922-225x300.jpg 225w, https:\/\/lesjardinsdevoltaire.fr\/wp-content\/uploads\/2024\/03\/20230531_101922-768x1024.jpg 768w, https:\/\/lesjardinsdevoltaire.fr\/wp-content\/uploads\/2024\/03\/20230531_101922-1152x1536.jpg 1152w, https:\/\/lesjardinsdevoltaire.fr\/wp-content\/uploads\/2024\/03\/20230531_101922-1536x2048.jpg 1536w\" sizes=\"auto, (max-width: 1920px) 100vw, 1920px\" \/><span aria-hidden=\"true\" class=\"wp-block-cover__background has-background-dim-10 has-background-dim\"><\/span><div class=\"wp-block-cover__inner-container is-layout-flow wp-block-cover-is-layout-flow\">\n<p class=\"has-text-align-center has-large-font-size\"><\/p>\n<\/div><\/div>\n<\/div><\/div>\n\n<\/div><\/div>\n\n<style>.kb-row-layout-wrap.wp-block-kadence-rowlayout.kb-row-layout-id51763_9e2850-0f{margin-bottom:var(--global-kb-spacing-lg, 3rem);}.kb-row-layout-id51763_9e2850-0f > .kt-row-column-wrap{align-content:start;}:where(.kb-row-layout-id51763_9e2850-0f > .kt-row-column-wrap) > .wp-block-kadence-column{justify-content:start;}.kb-row-layout-id51763_9e2850-0f > .kt-row-column-wrap{column-gap:var(--global-kb-gap-md, 2rem);row-gap:var(--global-kb-gap-md, 2rem);max-width:var( --global-content-width, 1149px );padding-left:var(--global-content-edge-padding);padding-right:var(--global-content-edge-padding);padding-top:var(--global-kb-spacing-sm, 1.5rem);padding-bottom:var(--global-kb-spacing-sm, 1.5rem);grid-template-columns:minmax(0, 1fr);}.kb-row-layout-id51763_9e2850-0f > .kt-row-layout-overlay{opacity:0.30;}@media all and (max-width: 1024px){.kb-row-layout-id51763_9e2850-0f > .kt-row-column-wrap{grid-template-columns:minmax(0, 1fr);}}@media all and (max-width: 767px){.kb-row-layout-id51763_9e2850-0f > .kt-row-column-wrap{grid-template-columns:minmax(0, 1fr);}}<\/style><div class=\"kb-row-layout-wrap kb-row-layout-id51763_9e2850-0f alignnone wp-block-kadence-rowlayout\"><div class=\"kt-row-column-wrap kt-has-1-columns kt-row-layout-equal kt-tab-layout-inherit kt-mobile-layout-row kt-row-valign-top kb-theme-content-width\">\n<style>.kadence-column51763_f7a478-74 > .kt-inside-inner-col,.kadence-column51763_f7a478-74 > .kt-inside-inner-col:before{border-top-left-radius:0px;border-top-right-radius:0px;border-bottom-right-radius:0px;border-bottom-left-radius:0px;}.kadence-column51763_f7a478-74 > .kt-inside-inner-col{column-gap:var(--global-kb-gap-sm, 1rem);}.kadence-column51763_f7a478-74 > .kt-inside-inner-col{flex-direction:column;}.kadence-column51763_f7a478-74 > .kt-inside-inner-col > .aligncenter{width:100%;}.kadence-column51763_f7a478-74 > .kt-inside-inner-col:before{opacity:0.3;}.kadence-column51763_f7a478-74{position:relative;}@media all and (max-width: 1024px){.kadence-column51763_f7a478-74 > .kt-inside-inner-col{flex-direction:column;justify-content:center;}}@media all and (max-width: 767px){.kadence-column51763_f7a478-74 > .kt-inside-inner-col{flex-direction:column;justify-content:center;}}<\/style>\n<div class=\"wp-block-kadence-column kadence-column51763_f7a478-74\"><div class=\"kt-inside-inner-col\"><\/div><\/div>\n\n<\/div><\/div>","protected":false},"excerpt":{"rendered":"<p>Le jardin-potager est cultiv\u00e9 par les b\u00e9n\u00e9voles et adh\u00e9rents de l\u2019association Nous mettons en commun nos efforts et nos r\u00e9coltes, dans un esprit de partage, de solidarit\u00e9 et de convivialit\u00e9&#8230;<\/p>\n","protected":false},"author":1,"featured_media":0,"parent":0,"menu_order":0,"comment_status":"closed","ping_status":"closed","template":"","meta":{"_kadence_starter_templates_imported_post":false,"_kad_post_transparent":"","_kad_post_title":"","_kad_post_layout":"","_kad_post_sidebar_id":"","_kad_post_content_style":"","_kad_post_vertical_padding":"","_kad_post_feature":"","_kad_post_feature_position":"","_kad_post_header":false,"_kad_post_footer":false,"footnotes":""},"class_list":["post-51763","page","type-page","status-publish","hentry"],"_links":{"self":[{"href":"https:\/\/lesjardinsdevoltaire.fr\/index.php\/wp-json\/wp\/v2\/pages\/51763","targetHints":{"allow":["GET"]}}],"collection":[{"href":"https:\/\/lesjardinsdevoltaire.fr\/index.php\/wp-json\/wp\/v2\/pages"}],"about":[{"href":"https:\/\/lesjardinsdevoltaire.fr\/index.php\/wp-json\/wp\/v2\/types\/page"}],"author":[{"embeddable":true,"href":"https:\/\/lesjardinsdevoltaire.fr\/index.php\/wp-json\/wp\/v2\/users\/1"}],"replies":[{"embeddable":true,"href":"https:\/\/lesjardinsdevoltaire.fr\/index.php\/wp-json\/wp\/v2\/comments?post=51763"}],"version-history":[{"count":50,"href":"https:\/\/lesjardinsdevoltaire.fr\/index.php\/wp-json\/wp\/v2\/pages\/51763\/revisions"}],"predecessor-version":[{"id":52397,"href":"https:\/\/lesjardinsdevoltaire.fr\/index.php\/wp-json\/wp\/v2\/pages\/51763\/revisions\/52397"}],"wp:attachment":[{"href":"https:\/\/lesjardinsdevoltaire.fr\/index.php\/wp-json\/wp\/v2\/media?parent=51763"}],"curies":[{"name":"wp","href":"https:\/\/api.w.org\/{rel}","templated":true}]}}